{"id":7,"date":"2018-07-30T19:45:57","date_gmt":"2018-07-30T19:45:57","guid":{"rendered":"http:\/\/zahnarzt-gruga.de\/?page_id=7"},"modified":"2018-07-31T22:53:44","modified_gmt":"2018-07-31T22:53:44","slug":"home","status":"publish","type":"page","link":"https:\/\/zahnarzt-gruga.de\/","title":{"rendered":"Startseite"},"content":{"rendered":"<p><img decoding=\"async\" loading=\"lazy\" class=\"wp-image-486 alignleft\" src=\"http:\/\/zahnarzt-gruga.de\/wp-content\/uploads\/2018\/07\/baum_171220111-300x177.jpg\" alt=\"\" width=\"502\" height=\"296\" srcset=\"https:\/\/zahnarzt-gruga.de\/wp-content\/uploads\/2018\/07\/baum_171220111-300x177.jpg 300w, https:\/\/zahnarzt-gruga.de\/wp-content\/uploads\/2018\/07\/baum_171220111.jpg 640w\" sizes=\"(max-width: 502px) 100vw, 502px\" \/><\/p>\n<p>Wie dieser Baum in seiner imponierenden Sch\u00f6nheit und Vitalit\u00e4t als Organismus mit einem gr\u00f6\u00dferen System, n\u00e4mlich der Umwelt, in Wechselwirkung steht, so steht auch das Kauorgan mit einem gr\u00f6\u00dferen System, n\u00e4mlich dem Gesamtorganismus in Beziehung. Ein kluger Mensch hat einmal gesagt:<\/p>\n<h3>Gesund beginnt im Mund!<\/h3>\n<p>Dieser Blick auf die Gesamtproblematik Kausystem, der weit \u00fcber den Tellerrand der blo\u00dfen Karies-Therapie der Z\u00e4hne hinausgeht, bestimmt unser Behandlungskonzept. Dabei ist uns das Ideal der gesunden und dabei auch \u00e4sthetisch sch\u00f6nen Natur oberstes Leitmotiv. Um dieses Ziel zu erreichen, liegt ein Hauptschwerpunkt unserer Bem\u00fchungen darauf, durch Prophylaxe-Ma\u00dfnahmen wie z.B. die<em> professionelle Zahnreinigung (PZR)<\/em> etc. und regelm\u00e4\u00dfige Routineuntersuchungen den von der Natur urspr\u00fcnglich optimal hergestellten Zustand m\u00f6glichst lange zu erhalten. Sollte sich jedoch aber trotzdem ein Schaden einstellen, so bleibt die Wiederherstellung der Funktion und \u00c4sthetik nach dem Vorbild der Natur unser oberstes Ziel. Wie heute allgemein bekannt, hat z.B. eine chronische Parodontitis, im Volksmund auch Parodontose genannt, Wechselwirkungen mit dem Gesamtorganismus. So werden z.B. Herz-Kreislauferkrankungen dadurch negativ beeinflusst. Auch w\u00e4hrend der Schwangerschaft hat eine Zahnfleischentz\u00fcndung, egal ob akut oder chronisch, einen negativen Einfluss auf den Gesamtorganismus, sowohl von der Mutter als auch vom ungeborenen Kind. Deshalb sind die Schwangerschafts-Prophylaxe-Untersuchungen so eminent wichtig.<\/p>\n<h3>\u00c4sthetik und Funktion nach dem Vorbild der Natur<\/h3>\n<p>Als ein probates Mittel im Bereich der konservierenden Therapie haben sich die F\u00fcllungen aus <em>Composite-Materialien<\/em> und im Bereich der prothetischen Rekonstruktionen die <em>Vollkeramik-Kronen und Vollkeramik-Br\u00fccken<\/em> aus <em>Zirkonium-Oxyd <\/em>erwiesen. F\u00fcr gehobene Anspr\u00fcche im Bereich der \u00e4sthetischen F\u00fcllungstherapie stehen uns dar\u00fcber hinaus auch noch die innovativen Materialien aus der Reihe der Nano-Compomere zur Verf\u00fcgung.<\/p>\n<p>Auch die, im wahrsten Sinne des Wortes, reibungslose Funktion des Kausystems liegt uns am Herzen. Mit den Mitteln der Funktionsdiagnostik<em> und Funktionstherapie<\/em> lassen sich erworbene Ungleichgewichte der funktionellen Belastung wieder beheben.<\/p>\n<h3>&#8220;Den Seinen gibt\u00b4s der Herr im Schlaf!&#8221;<\/h3>\n<p>Dar\u00fcber hinaus bieten wir im Rahmen unseres ganzheitlichen Behandlungskonzepts auch Behandlungen unter Lachgas-Sedierung speziell f\u00fcr Angstpatienten an. Des weiteren haben wir f\u00fcr diese Patientengruppe auch noch zahn\u00e4rztliche Hypnose, Akupunktur und Hom\u00f6opathie zur Verf\u00fcgung. So verlieren Behandlungen wie z.B. Weisheitszahnenfernungen oder Wurzel- spitzenresektionen ihren urspr\u00fcnglichen Schrecken und Sie erleben die Behandlung angstfrei und in entspannter Atmosph\u00e4re. Die Wurzelspitzenresektion (WSR) stellt n\u00e4mlich in F\u00e4llen, in denen eine konservierende Wurzelbehandlung (Endodontie) nicht zum gew\u00fcnschten Ergebnis gef\u00fchrt hat, ein Erfolg versprechendes Mittel dar, den betreffenden Zahn zu erhalten.<\/p>\n<h3>Implantate &#8211; Eine wertvolle Alternative zu Br\u00fccken oder herausnehmbaren Prothesen!<\/h3>\n<p>Sollte, was in sehr seltenen F\u00e4llen trotzdem vorkommen kann, der Zahn aber endg\u00fcltig nicht zu retten sein und gezogen werden muss, so stellen heutzutage Implantate im Kieferknochen eine sinnvolle Alternative zur <em>festsitzenden Br\u00fccke<\/em> oder zur herausnehmbaren Teilprothese dar. Der Vorteil liegt darin, dass benachbarte kariesfreie Pfeilerz\u00e4hne nicht f\u00fcr <em>Kronen<\/em> beschliffen werden m\u00fcssen.<\/p>\n<h3>Kosmetische Korrekturen<\/h3>\n<p>Erg\u00e4nzend zur<em> \u00e4sthetischen Zahnheilkunde<\/em>, zu der auch Zahnaufhellungen (Bleaching nach dem Zoom-System) geh\u00f6ren, bieten wir auch f\u00fcr die Region rund um die Mund\u00f6ffnung die kosmetische Faltenunterspritzung sowie Lippenunterspritzung mit den Produkten der Restilane\u00ae Wellness-Serie ( <em>Hyalurons\u00e4ure<\/em> ) an.<\/p>\n<h3>Zahnmedizinische Systemtherapie &#8211; unser Konzept zur ganzheitlichen Behandlung dentaler Problemstellungen<\/h3>\n<p>Alle diese Dinge sollten langfristig dazu f\u00fchren, dass Sie nie mehr Zahnschmerzen bekommen oder sich zur Schmerztherapie in den zahn\u00e4rztlichen Notdienst begeben m\u00fcssen. Wenn dieser Fall aber trotzdem eintreten sollte, so sind wir auch dann sehr h\u00e4ufig w\u00e4hrend des <em>zahn\u00e4rztlichen Bereitschaftsdienstes<\/em> f\u00fcr Sie da. Die entsprechenden Zeiten, zu denen wir eingeteilt sind, erfahren Sie aus der Tagespresse oder unter der Rufnummer: 01805\/986700<\/p>\n<h3>Spezialisten leisten immer etwas Besonderes!<\/h3>\n<p>Neben den selbstverst\u00e4ndlich bei allen Behandlern obligatorischen Kenntnissen und Fertigkeiten hat sich in unserer Praxis<strong> Dr. medic. stom.\/RO Boris Hersonski<\/strong> auf <em>zahn\u00e4rztliche Chirurgie<\/em>, Implantologie und Endodontie spezialisiert.<\/p>\n","protected":false},"excerpt":{"rendered":"<p>Wie dieser Baum in seiner imponierenden Sch\u00f6nheit und Vitalit\u00e4t als Organismus mit einem gr\u00f6\u00dferen System, n\u00e4mlich der Umwelt, in Wechselwirkung steht, so steht auch das Kauorgan mit einem gr\u00f6\u00dferen System, n\u00e4mlich dem Gesamtorganismus in Beziehung. Ein kluger Mensch hat einmal gesagt: Gesund beginnt im Mund! Dieser Blick auf die Gesamtproblematik Kausystem, der weit \u00fcber den [&hellip;]<\/p>\n","protected":false},"author":1,"featured_media":0,"parent":0,"menu_order":1,"comment_status":"closed","ping_status":"closed","template":"","meta":[],"categories":[],"tags":[],"_links":{"self":[{"href":"https:\/\/zahnarzt-gruga.de\/index.php?rest_route=\/wp\/v2\/pages\/7"}],"collection":[{"href":"https:\/\/zahnarzt-gruga.de\/index.php?rest_route=\/wp\/v2\/pages"}],"about":[{"href":"https:\/\/zahnarzt-gruga.de\/index.php?rest_route=\/wp\/v2\/types\/page"}],"author":[{"embeddable":true,"href":"https:\/\/zahnarzt-gruga.de\/index.php?rest_route=\/wp\/v2\/users\/1"}],"replies":[{"embeddable":true,"href":"https:\/\/zahnarzt-gruga.de\/index.php?rest_route=%2Fwp%2Fv2%2Fcomments&post=7"}],"version-history":[{"count":5,"href":"https:\/\/zahnarzt-gruga.de\/index.php?rest_route=\/wp\/v2\/pages\/7\/revisions"}],"predecessor-version":[{"id":489,"href":"https:\/\/zahnarzt-gruga.de\/index.php?rest_route=\/wp\/v2\/pages\/7\/revisions\/489"}],"wp:attachment":[{"href":"https:\/\/zahnarzt-gruga.de\/index.php?rest_route=%2Fwp%2Fv2%2Fmedia&parent=7"}],"wp:term":[{"taxonomy":"category","embeddable":true,"href":"https:\/\/zahnarzt-gruga.de\/index.php?rest_route=%2Fwp%2Fv2%2Fcategories&post=7"},{"taxonomy":"post_tag","embeddable":true,"href":"https:\/\/zahnarzt-gruga.de\/index.php?rest_route=%2Fwp%2Fv2%2Ftags&post=7"}],"curies":[{"name":"wp","href":"https:\/\/api.w.org\/{rel}","templated":true}]}}