{"id":13,"date":"2018-07-30T19:48:05","date_gmt":"2018-07-30T19:48:05","guid":{"rendered":"http:\/\/zahnarzt-gruga.de\/?page_id=13"},"modified":"2018-07-31T18:36:57","modified_gmt":"2018-07-31T18:36:57","slug":"anfahrt","status":"publish","type":"page","link":"https:\/\/zahnarzt-gruga.de\/?page_id=13","title":{"rendered":"Anfahrt"},"content":{"rendered":"<div id=\"pl-13\"  class=\"panel-layout\" ><div id=\"pg-13-0\"  class=\"panel-grid panel-has-style\" ><div class=\"panel-row-style panel-row-style-for-13-0\" ><div id=\"pgc-13-0-0\"  class=\"panel-grid-cell\" ><div id=\"panel-13-0-0-0\" class=\"so-panel widget widget_sow-editor panel-first-child panel-last-child\" data-index=\"0\" ><div class=\"panel-widget-style panel-widget-style-for-13-0-0-0\" ><div class=\"so-widget-sow-editor so-widget-sow-editor-base\">\n<div class=\"siteorigin-widget-tinymce textwidget\">\n\t<p style=\"text-align: center;\"><i class=\"fa fa-location-arrow fa-4x \" ><\/i><\/p>\n<p style=\"text-align: center; font-size: 24px\"><strong>Adresse<br \/>\n<\/strong>Virchowstra\u00dfe 139<br \/>\n45147 Essen-Holsterhausen<\/p>\n<p><\/p>\n<\/div>\n<\/div><\/div><\/div><\/div><\/div><\/div><div id=\"pg-13-1\"  class=\"panel-grid panel-no-style\" ><div id=\"pgc-13-1-0\"  class=\"panel-grid-cell\" ><div id=\"panel-13-1-0-0\" class=\"widget_text so-panel widget widget_custom_html panel-first-child panel-last-child\" data-index=\"1\" ><div class=\"textwidget custom-html-widget\"><iframe src=\"https:\/\/www.google.com\/maps\/embed?pb=!1m18!1m12!1m3!1d2487.4113012462!2d6.98888141566972!3d51.43223997962288!2m3!1f0!2f0!3f0!3m2!1i1024!2i768!4f13.1!3m3!1m2!1s0x47b8c320628ce80f%3A0xa524b7f9004a6eb9!2sVirchowstra%C3%9Fe+139%2C+45147+Essen!5e0!3m2!1sen!2sde!4v1533043470226\" width=\"600\" height=\"450\" frameborder=\"0\" style=\"border:0\" allowfullscreen><\/iframe><\/div><\/div><\/div><div id=\"pgc-13-1-1\"  class=\"panel-grid-cell\" ><div id=\"panel-13-1-1-0\" class=\"so-panel widget widget_sow-editor panel-first-child panel-last-child\" data-index=\"2\" ><div class=\"so-widget-sow-editor so-widget-sow-editor-base\">\n<div class=\"siteorigin-widget-tinymce textwidget\">\n\t<table style=\"height: 143px; width: 100%; border-collapse: collapse;\" border=\"1\">\n<tbody>\n<tr style=\"height: 23px;\">\n<td style=\"width: 18.6381%; height: 23px;\"><img decoding=\"async\" loading=\"lazy\" class=\"aligncenter wp-image-402\" src=\"http:\/\/zahnarzt-gruga.de\/wp-content\/uploads\/2018\/07\/U-Bahn-Logo_VGF.svg_.png\" alt=\"\" width=\"48\" height=\"48\" \/><\/td>\n<td style=\"width: 81.3619%; height: 23px;\">U-Bahn U17 - Haltestelle Holsterhauser Platz<\/td>\n<\/tr>\n<tr style=\"height: 49px;\">\n<td style=\"width: 18.6381%; height: 49px;\"><img decoding=\"async\" loading=\"lazy\" class=\"aligncenter wp-image-409\" src=\"http:\/\/zahnarzt-gruga.de\/wp-content\/uploads\/2018\/07\/Zeichen_224.svg_.png\" alt=\"\" width=\"50\" height=\"50\" \/><\/td>\n<td style=\"width: 81.3619%; height: 49px;\">Stra\u00dfenbahnlinie 101 und 106 - Haltestelle Klinikum<\/td>\n<\/tr>\n<tr style=\"height: 71px;\">\n<td style=\"width: 18.6381%; text-align: center; height: 71px;\"><i class=\"fa fa-car fa-2x \" ><\/i><\/td>\n<td style=\"width: 81.3619%; height: 71px;\">Patientenparkpl\u00e4tze vor dem Haus vorhanden<\/td>\n<\/tr>\n<\/tbody>\n<\/table>\n<\/div>\n<\/div><\/div><\/div><\/div><\/div>","protected":false},"excerpt":{"rendered":"<p>Adresse Virchowstra\u00dfe 139 45147 Essen-Holsterhausen U-Bahn U17 &#8211; Haltestelle Holsterhauser Platz Stra\u00dfenbahnlinie 101 und 106 &#8211; Haltestelle Klinikum Patientenparkpl\u00e4tze vor dem Haus vorhanden<\/p>\n","protected":false},"author":1,"featured_media":0,"parent":0,"menu_order":0,"comment_status":"closed","ping_status":"closed","template":"","meta":[],"categories":[],"tags":[],"_links":{"self":[{"href":"https:\/\/zahnarzt-gruga.de\/index.php?rest_route=\/wp\/v2\/pages\/13"}],"collection":[{"href":"https:\/\/zahnarzt-gruga.de\/index.php?rest_route=\/wp\/v2\/pages"}],"about":[{"href":"https:\/\/zahnarzt-gruga.de\/index.php?rest_route=\/wp\/v2\/types\/page"}],"author":[{"embeddable":true,"href":"https:\/\/zahnarzt-gruga.de\/index.php?rest_route=\/wp\/v2\/users\/1"}],"replies":[{"embeddable":true,"href":"https:\/\/zahnarzt-gruga.de\/index.php?rest_route=%2Fwp%2Fv2%2Fcomments&post=13"}],"version-history":[{"count":63,"href":"https:\/\/zahnarzt-gruga.de\/index.php?rest_route=\/wp\/v2\/pages\/13\/revisions"}],"predecessor-version":[{"id":446,"href":"https:\/\/zahnarzt-gruga.de\/index.php?rest_route=\/wp\/v2\/pages\/13\/revisions\/446"}],"wp:attachment":[{"href":"https:\/\/zahnarzt-gruga.de\/index.php?rest_route=%2Fwp%2Fv2%2Fmedia&parent=13"}],"wp:term":[{"taxonomy":"category","embeddable":true,"href":"https:\/\/zahnarzt-gruga.de\/index.php?rest_route=%2Fwp%2Fv2%2Fcategories&post=13"},{"taxonomy":"post_tag","embeddable":true,"href":"https:\/\/zahnarzt-gruga.de\/index.php?rest_route=%2Fwp%2Fv2%2Ftags&post=13"}],"curies":[{"name":"wp","href":"https:\/\/api.w.org\/{rel}","templated":true}]}}