{"id":113,"date":"2018-07-31T10:08:16","date_gmt":"2018-07-31T10:08:16","guid":{"rendered":"http:\/\/zahnarzt-gruga.de\/?page_id=113"},"modified":"2018-08-02T14:05:40","modified_gmt":"2018-08-02T14:05:40","slug":"paradontologie","status":"publish","type":"page","link":"https:\/\/zahnarzt-gruga.de\/?page_id=113","title":{"rendered":"Paradontologie"},"content":{"rendered":"<p><img decoding=\"async\" loading=\"lazy\" class=\" wp-image-555\" src=\"http:\/\/zahnarzt-gruga.de\/wp-content\/uploads\/2018\/08\/parodontologie2b-300x225.jpg\" alt=\"\" width=\"571\" height=\"428\" srcset=\"https:\/\/zahnarzt-gruga.de\/wp-content\/uploads\/2018\/08\/parodontologie2b-300x225.jpg 300w, https:\/\/zahnarzt-gruga.de\/wp-content\/uploads\/2018\/08\/parodontologie2b.jpg 630w\" sizes=\"(max-width: 571px) 100vw, 571px\" \/><\/p>\n<p><strong>Lockere Z\u00e4hne durch Parodontose, eine zwangsl\u00e4ufige Alterserscheinung? Keineswegs!<\/strong><\/p>\n<p>Heutzutage kann man mit den Methoden der modernen Parodontologie effektiv dagegen etwas unternehmen. Als Ursache hat man schon seit l\u00e4ngerer Zeit den bakteriellen Zahnbelag zwischen Zahnoberfl\u00e4che und Zahnfleisch erkannt. Man kann also sagen, dass die chronischen und akuten Erkrankungen des Zahnfleisches (marginale chronische Parodontitis) eine Infektionserkrankung darstellen. Eine antibiotische Therapie ist aber trotzdem in aller Regel, au\u00dfer bei akuten, fiebrigen, schmerzhaften und ulzerierenden Formen, nicht notwendig. Durch Erlernen einer effektiven h\u00e4uslichen Mundhygiene und durch instrumentelle Entfernung der bakteriellen Bel\u00e4ge l\u00e4sst sich eine Parodontitis behandeln. Im Rahmen der Ausheilung strafft sich das Zahn-St\u00fctzgewebe, der Lockerungsgrad der Z\u00e4hne reduziert sich und die Zahnfleischtaschen flachen sich ab.<\/p>\n<p><img decoding=\"async\" loading=\"lazy\" class=\"alignnone  wp-image-556\" src=\"http:\/\/zahnarzt-gruga.de\/wp-content\/uploads\/2018\/08\/parodontologie1-214x300.jpg\" alt=\"\" width=\"418\" height=\"586\" srcset=\"https:\/\/zahnarzt-gruga.de\/wp-content\/uploads\/2018\/08\/parodontologie1-214x300.jpg 214w, https:\/\/zahnarzt-gruga.de\/wp-content\/uploads\/2018\/08\/parodontologie1.jpg 315w\" sizes=\"(max-width: 418px) 100vw, 418px\" \/><\/p>\n","protected":false},"excerpt":{"rendered":"<p>Lockere Z\u00e4hne durch Parodontose, eine zwangsl\u00e4ufige Alterserscheinung? Keineswegs! Heutzutage kann man mit den Methoden der modernen Parodontologie effektiv dagegen etwas unternehmen. Als Ursache hat man schon seit l\u00e4ngerer Zeit den bakteriellen Zahnbelag zwischen Zahnoberfl\u00e4che und Zahnfleisch erkannt. Man kann also sagen, dass die chronischen und akuten Erkrankungen des Zahnfleisches (marginale chronische Parodontitis) eine Infektionserkrankung darstellen. [&hellip;]<\/p>\n","protected":false},"author":1,"featured_media":0,"parent":14,"menu_order":0,"comment_status":"closed","ping_status":"closed","template":"","meta":[],"categories":[4],"tags":[],"_links":{"self":[{"href":"https:\/\/zahnarzt-gruga.de\/index.php?rest_route=\/wp\/v2\/pages\/113"}],"collection":[{"href":"https:\/\/zahnarzt-gruga.de\/index.php?rest_route=\/wp\/v2\/pages"}],"about":[{"href":"https:\/\/zahnarzt-gruga.de\/index.php?rest_route=\/wp\/v2\/types\/page"}],"author":[{"embeddable":true,"href":"https:\/\/zahnarzt-gruga.de\/index.php?rest_route=\/wp\/v2\/users\/1"}],"replies":[{"embeddable":true,"href":"https:\/\/zahnarzt-gruga.de\/index.php?rest_route=%2Fwp%2Fv2%2Fcomments&post=113"}],"version-history":[{"count":2,"href":"https:\/\/zahnarzt-gruga.de\/index.php?rest_route=\/wp\/v2\/pages\/113\/revisions"}],"predecessor-version":[{"id":557,"href":"https:\/\/zahnarzt-gruga.de\/index.php?rest_route=\/wp\/v2\/pages\/113\/revisions\/557"}],"up":[{"embeddable":true,"href":"https:\/\/zahnarzt-gruga.de\/index.php?rest_route=\/wp\/v2\/pages\/14"}],"wp:attachment":[{"href":"https:\/\/zahnarzt-gruga.de\/index.php?rest_route=%2Fwp%2Fv2%2Fmedia&parent=113"}],"wp:term":[{"taxonomy":"category","embeddable":true,"href":"https:\/\/zahnarzt-gruga.de\/index.php?rest_route=%2Fwp%2Fv2%2Fcategories&post=113"},{"taxonomy":"post_tag","embeddable":true,"href":"https:\/\/zahnarzt-gruga.de\/index.php?rest_route=%2Fwp%2Fv2%2Ftags&post=113"}],"curies":[{"name":"wp","href":"https:\/\/api.w.org\/{rel}","templated":true}]}}