{"id":109,"date":"2018-07-31T10:07:41","date_gmt":"2018-07-31T10:07:41","guid":{"rendered":"http:\/\/zahnarzt-gruga.de\/?page_id=109"},"modified":"2022-12-02T10:32:46","modified_gmt":"2022-12-02T10:32:46","slug":"chirurgie","status":"publish","type":"page","link":"https:\/\/zahnarzt-gruga.de\/?page_id=109","title":{"rendered":"Chirurgie"},"content":{"rendered":"<p><strong>Der Weisheitszahn liegt quer im Kiefer? An der Wurzelspitze eines wurzelgef\u00fcllten Zahnes ist eine Zyste? <\/strong><\/p>\n<p>Es sollen gezogene Z\u00e4hne durch Implantate ersetzt werden? Alles kein Problem!<\/p>\n<p>Durch moderne chirurgische Verfahren wie z.B. die Wurzelspitzenresektion an beherdeten Z\u00e4hnen k\u00f6nnen diese heutzutage sehr oft gerettet werden, wo fr\u00fcher ausschlie\u00dflich die Extraktionszange zum Einsatz kam. Wir sind f\u00fcr alle Operationen auf dem Gebiet der zahn\u00e4rztlichen Chirurgie sowohl instrumentell als auch durch unsere langj\u00e4hrige Erfahrung bestens ger\u00fcstet.<\/p>\n<p>Durch die modernen, hoch wirksamen Lokalan\u00e4sthetika ist eine schmerzfreie Behandlung sehr leicht durchf\u00fchrbar. Unsere Patienten erleben die Operationen in entspannter Atmosph\u00e4re und sind in aller Regel in Nachhinein \u00fcberrascht \u00fcber die wider Erwarten geringen Nachbeschwerden.<\/p>\n","protected":false},"excerpt":{"rendered":"<p>Der Weisheitszahn liegt quer im Kiefer? An der Wurzelspitze eines wurzelgef\u00fcllten Zahnes ist eine Zyste? Es sollen gezogene Z\u00e4hne durch Implantate ersetzt werden? Alles kein Problem! Durch moderne chirurgische Verfahren wie z.B. die Wurzelspitzenresektion an beherdeten Z\u00e4hnen k\u00f6nnen diese heutzutage sehr oft gerettet werden, wo fr\u00fcher ausschlie\u00dflich die Extraktionszange zum Einsatz kam. Wir sind f\u00fcr [&hellip;]<\/p>\n","protected":false},"author":1,"featured_media":575,"parent":14,"menu_order":0,"comment_status":"closed","ping_status":"closed","template":"","meta":[],"categories":[4],"tags":[],"_links":{"self":[{"href":"https:\/\/zahnarzt-gruga.de\/index.php?rest_route=\/wp\/v2\/pages\/109"}],"collection":[{"href":"https:\/\/zahnarzt-gruga.de\/index.php?rest_route=\/wp\/v2\/pages"}],"about":[{"href":"https:\/\/zahnarzt-gruga.de\/index.php?rest_route=\/wp\/v2\/types\/page"}],"author":[{"embeddable":true,"href":"https:\/\/zahnarzt-gruga.de\/index.php?rest_route=\/wp\/v2\/users\/1"}],"replies":[{"embeddable":true,"href":"https:\/\/zahnarzt-gruga.de\/index.php?rest_route=%2Fwp%2Fv2%2Fcomments&post=109"}],"version-history":[{"count":4,"href":"https:\/\/zahnarzt-gruga.de\/index.php?rest_route=\/wp\/v2\/pages\/109\/revisions"}],"predecessor-version":[{"id":576,"href":"https:\/\/zahnarzt-gruga.de\/index.php?rest_route=\/wp\/v2\/pages\/109\/revisions\/576"}],"up":[{"embeddable":true,"href":"https:\/\/zahnarzt-gruga.de\/index.php?rest_route=\/wp\/v2\/pages\/14"}],"wp:featuredmedia":[{"embeddable":true,"href":"https:\/\/zahnarzt-gruga.de\/index.php?rest_route=\/wp\/v2\/media\/575"}],"wp:attachment":[{"href":"https:\/\/zahnarzt-gruga.de\/index.php?rest_route=%2Fwp%2Fv2%2Fmedia&parent=109"}],"wp:term":[{"taxonomy":"category","embeddable":true,"href":"https:\/\/zahnarzt-gruga.de\/index.php?rest_route=%2Fwp%2Fv2%2Fcategories&post=109"},{"taxonomy":"post_tag","embeddable":true,"href":"https:\/\/zahnarzt-gruga.de\/index.php?rest_route=%2Fwp%2Fv2%2Ftags&post=109"}],"curies":[{"name":"wp","href":"https:\/\/api.w.org\/{rel}","templated":true}]}}