{"id":107,"date":"2018-07-31T10:07:19","date_gmt":"2018-07-31T10:07:19","guid":{"rendered":"http:\/\/zahnarzt-gruga.de\/?page_id=107"},"modified":"2018-08-02T14:16:32","modified_gmt":"2018-08-02T14:16:32","slug":"aesthetische-zahnheilkunde","status":"publish","type":"page","link":"https:\/\/zahnarzt-gruga.de\/?page_id=107","title":{"rendered":"\u00c4sthetische Zahnheilkunde"},"content":{"rendered":"<p><img decoding=\"async\" loading=\"lazy\" class=\"size-medium wp-image-462 alignleft\" src=\"http:\/\/zahnarzt-gruga.de\/wp-content\/uploads\/2018\/07\/dame-eitelkeit-erwachsener-774866-e1533069521716-300x151.jpg\" alt=\"\" width=\"300\" height=\"151\" srcset=\"https:\/\/zahnarzt-gruga.de\/wp-content\/uploads\/2018\/07\/dame-eitelkeit-erwachsener-774866-e1533069521716-300x151.jpg 300w, https:\/\/zahnarzt-gruga.de\/wp-content\/uploads\/2018\/07\/dame-eitelkeit-erwachsener-774866-e1533069521716-768x386.jpg 768w, https:\/\/zahnarzt-gruga.de\/wp-content\/uploads\/2018\/07\/dame-eitelkeit-erwachsener-774866-e1533069521716-1024x515.jpg 1024w\" sizes=\"(max-width: 300px) 100vw, 300px\" \/>Unser Ziel in der Therapie kari\u00f6ser Defekte ist die m\u00f6glichst vollst\u00e4ndige Wiederherstellung\u00a0von\u00a0<em>Funktion und \u00c4sthetik<\/em>\u00a0des nat\u00fcrlichen Zahnes. Ein probates Mittel daf\u00fcr besteht in der\u00a0Verwendung von zahnfarbenen\u00a0<em>Composite<\/em>-Materialien in der F\u00fcllungstherapie. Durch die\u00a0zus\u00e4tzliche Anwendung der<em>Adh\u00e4siv-Technik<\/em>\u00a0wird ein inniger Verbund zwischen Zahn und\u00a0<em>F\u00fcllungsmaterial<\/em>\u00a0erzielt, so dass eine Randspaltbildung mit der Gefahr von neuer Sekund\u00e4r-Karies verhindert wird. Die modernen\u00a0<em>Composite<\/em>-F\u00fcllungsmaterialien bestechen nicht nur\u00a0durch ihre un\u00fcbertroffene<em>\u00a0\u00c4sthetik\u00a0<\/em>sondern auch durch hohe\u00a0<em>Abrasionsfestigkeit<\/em>\u00a0. Damit\u00a0ist den so gestalteten F\u00fcllungen in der Regel eine weit l\u00e4ngere Liegedauer beschert als\u00a0solchen mit herk\u00f6mmlichen\u00a0<em>F\u00fcllungsmaterialien<\/em>.<\/p>\n","protected":false},"excerpt":{"rendered":"<p>Unser Ziel in der Therapie kari\u00f6ser Defekte ist die m\u00f6glichst vollst\u00e4ndige Wiederherstellung\u00a0von\u00a0Funktion und \u00c4sthetik\u00a0des nat\u00fcrlichen Zahnes. Ein probates Mittel daf\u00fcr besteht in der\u00a0Verwendung von zahnfarbenen\u00a0Composite-Materialien in der F\u00fcllungstherapie. Durch die\u00a0zus\u00e4tzliche Anwendung derAdh\u00e4siv-Technik\u00a0wird ein inniger Verbund zwischen Zahn und\u00a0F\u00fcllungsmaterial\u00a0erzielt, so dass eine Randspaltbildung mit der Gefahr von neuer Sekund\u00e4r-Karies verhindert wird. Die modernen\u00a0Composite-F\u00fcllungsmaterialien bestechen nicht nur\u00a0durch [&hellip;]<\/p>\n","protected":false},"author":1,"featured_media":462,"parent":14,"menu_order":0,"comment_status":"closed","ping_status":"closed","template":"","meta":[],"categories":[4],"tags":[],"_links":{"self":[{"href":"https:\/\/zahnarzt-gruga.de\/index.php?rest_route=\/wp\/v2\/pages\/107"}],"collection":[{"href":"https:\/\/zahnarzt-gruga.de\/index.php?rest_route=\/wp\/v2\/pages"}],"about":[{"href":"https:\/\/zahnarzt-gruga.de\/index.php?rest_route=\/wp\/v2\/types\/page"}],"author":[{"embeddable":true,"href":"https:\/\/zahnarzt-gruga.de\/index.php?rest_route=\/wp\/v2\/users\/1"}],"replies":[{"embeddable":true,"href":"https:\/\/zahnarzt-gruga.de\/index.php?rest_route=%2Fwp%2Fv2%2Fcomments&post=107"}],"version-history":[{"count":7,"href":"https:\/\/zahnarzt-gruga.de\/index.php?rest_route=\/wp\/v2\/pages\/107\/revisions"}],"predecessor-version":[{"id":561,"href":"https:\/\/zahnarzt-gruga.de\/index.php?rest_route=\/wp\/v2\/pages\/107\/revisions\/561"}],"up":[{"embeddable":true,"href":"https:\/\/zahnarzt-gruga.de\/index.php?rest_route=\/wp\/v2\/pages\/14"}],"wp:featuredmedia":[{"embeddable":true,"href":"https:\/\/zahnarzt-gruga.de\/index.php?rest_route=\/wp\/v2\/media\/462"}],"wp:attachment":[{"href":"https:\/\/zahnarzt-gruga.de\/index.php?rest_route=%2Fwp%2Fv2%2Fmedia&parent=107"}],"wp:term":[{"taxonomy":"category","embeddable":true,"href":"https:\/\/zahnarzt-gruga.de\/index.php?rest_route=%2Fwp%2Fv2%2Fcategories&post=107"},{"taxonomy":"post_tag","embeddable":true,"href":"https:\/\/zahnarzt-gruga.de\/index.php?rest_route=%2Fwp%2Fv2%2Ftags&post=107"}],"curies":[{"name":"wp","href":"https:\/\/api.w.org\/{rel}","templated":true}]}}