{"id":105,"date":"2018-07-31T10:00:09","date_gmt":"2018-07-31T10:00:09","guid":{"rendered":"http:\/\/zahnarzt-gruga.de\/?page_id=105"},"modified":"2018-08-01T08:22:40","modified_gmt":"2018-08-01T08:22:40","slug":"lachgas-therapie","status":"publish","type":"page","link":"https:\/\/zahnarzt-gruga.de\/?page_id=105","title":{"rendered":"Behandlung von Angstpatienten"},"content":{"rendered":"<p><img decoding=\"async\" loading=\"lazy\" class=\" wp-image-492 alignleft\" src=\"http:\/\/zahnarzt-gruga.de\/wp-content\/uploads\/2018\/07\/koala3-300x225.jpg\" alt=\"\" width=\"436\" height=\"327\" srcset=\"https:\/\/zahnarzt-gruga.de\/wp-content\/uploads\/2018\/07\/koala3-300x225.jpg 300w, https:\/\/zahnarzt-gruga.de\/wp-content\/uploads\/2018\/07\/koala3.jpg 630w\" sizes=\"(max-width: 436px) 100vw, 436px\" \/><\/p>\n<p>Beneidenswert, oder nicht?\u00a0 W\u00e4re es nicht sch\u00f6n, wenn man etwas relativ Unangenehmes wie eine Zahnarztbehandlung entspannt \u201ewie im Schlaf\u201c erledigen k\u00f6nnte?<\/p>\n<p><strong>Man kann!<\/strong><\/p>\n<p>Mit der <em>Lachgas-Analgosedierung<\/em> steht uns f\u00fcr extreme <em>Angstpatienten<\/em> ein seit Jahrzehnten bew\u00e4hrtes Hilfsmittel zur Verf\u00fcgung, mit der wir zahn\u00e4rztliche Behandlungen losgel\u00f6st von allen Horrorvisionen durchf\u00fchren k\u00f6nnen.<\/p>\n<p>Sie erleben die Behandlung zwar bei vollem Bewusstsein, aber <em>entspannt, angst- und schmerzfrei<\/em>. Somit verliert der Zahnarzt-Besuch viel von seinem urspr\u00fcnglichen Schrecken und der Gedanke an die n\u00e4chste Behandlung bereitet Ihnen keine schlaflosen N\u00e4chte mehr.<\/p>\n<p>\u00dcbrigens l\u00e4sst sich bei umfangreichen chirugischen Behandlungen die <em>Sedierung mit Lachgas<\/em> auch problemlos mit einer Lokalan\u00e4sthesie kombinieren.<\/p>\n<p><strong>Haben Sie Fragen zur Lachgas-Analgosedierung? <\/strong><\/p>\n<p><strong>Sprechen Sie uns an! Wir beraten Sie gerne!<\/strong><\/p>\n<p><strong>Hinweis: <\/strong><\/p>\n<p>Bei ausschlie\u00dflicher Anwendung der <em>Lachgas-Analgosedierung<\/em> sind Sie unmittelbar nach der Behandlung wieder in vollem Umfang fahrt\u00fcchtig. Bei Kombination mit einer Lokalan\u00e4sthesie gelten die bekannten Einschr\u00e4nkungen.<\/p>\n","protected":false},"excerpt":{"rendered":"<p>Beneidenswert, oder nicht?\u00a0 W\u00e4re es nicht sch\u00f6n, wenn man etwas relativ Unangenehmes wie eine Zahnarztbehandlung entspannt \u201ewie im Schlaf\u201c erledigen k\u00f6nnte? Man kann! Mit der Lachgas-Analgosedierung steht uns f\u00fcr extreme Angstpatienten ein seit Jahrzehnten bew\u00e4hrtes Hilfsmittel zur Verf\u00fcgung, mit der wir zahn\u00e4rztliche Behandlungen losgel\u00f6st von allen Horrorvisionen durchf\u00fchren k\u00f6nnen. Sie erleben die Behandlung zwar bei [&hellip;]<\/p>\n","protected":false},"author":1,"featured_media":0,"parent":14,"menu_order":0,"comment_status":"closed","ping_status":"closed","template":"","meta":[],"categories":[4],"tags":[],"_links":{"self":[{"href":"https:\/\/zahnarzt-gruga.de\/index.php?rest_route=\/wp\/v2\/pages\/105"}],"collection":[{"href":"https:\/\/zahnarzt-gruga.de\/index.php?rest_route=\/wp\/v2\/pages"}],"about":[{"href":"https:\/\/zahnarzt-gruga.de\/index.php?rest_route=\/wp\/v2\/types\/page"}],"author":[{"embeddable":true,"href":"https:\/\/zahnarzt-gruga.de\/index.php?rest_route=\/wp\/v2\/users\/1"}],"replies":[{"embeddable":true,"href":"https:\/\/zahnarzt-gruga.de\/index.php?rest_route=%2Fwp%2Fv2%2Fcomments&post=105"}],"version-history":[{"count":7,"href":"https:\/\/zahnarzt-gruga.de\/index.php?rest_route=\/wp\/v2\/pages\/105\/revisions"}],"predecessor-version":[{"id":493,"href":"https:\/\/zahnarzt-gruga.de\/index.php?rest_route=\/wp\/v2\/pages\/105\/revisions\/493"}],"up":[{"embeddable":true,"href":"https:\/\/zahnarzt-gruga.de\/index.php?rest_route=\/wp\/v2\/pages\/14"}],"wp:attachment":[{"href":"https:\/\/zahnarzt-gruga.de\/index.php?rest_route=%2Fwp%2Fv2%2Fmedia&parent=105"}],"wp:term":[{"taxonomy":"category","embeddable":true,"href":"https:\/\/zahnarzt-gruga.de\/index.php?rest_route=%2Fwp%2Fv2%2Fcategories&post=105"},{"taxonomy":"post_tag","embeddable":true,"href":"https:\/\/zahnarzt-gruga.de\/index.php?rest_route=%2Fwp%2Fv2%2Ftags&post=105"}],"curies":[{"name":"wp","href":"https:\/\/api.w.org\/{rel}","templated":true}]}}